


	
	
  
  
{"id":11595,"date":"2020-02-29T16:05:01","date_gmt":"2020-03-01T00:05:01","guid":{"rendered":"https:\/\/cortezrescue.wpenginepowered.com\/?page_id=11595"},"modified":"2024-08-27T19:49:10","modified_gmt":"2024-08-27T23:49:10","slug":"adoption-fees","status":"publish","type":"page","link":"https:\/\/cortezrescue.org\/es\/adoption-fees\/","title":{"rendered":"Costo de atenci\u00f3n e inclusiones de adopci\u00f3n"},"content":{"rendered":"<h1>\n\t\tCost of Care &#038; What&#8217;s Included in My Adoption\n\t<\/h1>\n<h5>\n\t\t&nbsp;\n\t<\/h5>\n\t\t\t\t<img decoding=\"async\" src=\"data:image\/gif;base64,R0lGODlhAQABAAAAACH5BAEKAAEALAAAAAABAAEAAAICTAEAOw==\" alt=\"Cortez rescue fee Graphic-Dogs\" itemprop=\"image\" title=\"Cortez rescue fee Graphic-Dogs\" onerror=\"this.style.display=&#039;none&#039;\" class=\"lazyload\" data-src=\"https:\/\/cortezrescue.wpenginepowered.com\/wp-content\/uploads\/2022\/05\/Cortez-rescue-fee-Graphic-Dogs.jpg\">\n\t<p>Junto con los costos de cuidado diario, las tarifas de adopci\u00f3n ayudan <strong>Cortez Rescue and Outreach<\/strong> cover vaccination and medical prep costs for the dogs. Cortez Rescue, as needed, will coordinate transportation of your adopted dog, additional fees may apply &#8211; will be discussed and determined at time of adoption based on your circumstances. At adoption, <strong>Cortez Rescue and Outreach<\/strong> Los perros estar\u00e1n al d\u00eda con sus vacunas y tendr\u00e1n lo siguiente:<\/p>\n<ul>\n<li>Rabia (1 a\u00f1o o 3 a\u00f1os)<\/li>\n<li>Moquillo (DHLPP o DHLPP-C)<\/li>\n<li>Bordetella<\/li>\n<li>Altered &#8211; Females Spayed or Males Neutered<\/li>\n<li>Microchip<\/li>\n<\/ul>","protected":false},"excerpt":{"rendered":"<p>Cost of Care &#038; What&#8217;s Included in My Adoption &nbsp; Along with daily care costs, the adoption fees help cover vaccination and medical prep costs for the dogs. Cortez Rescue, as needed, will coordinate transportation of your adopted dog, additional fees may apply &#8211; will be discussed and determined at time of adoption based on [&hellip;]<\/p>","protected":false},"author":3,"featured_media":0,"parent":0,"menu_order":0,"comment_status":"closed","ping_status":"closed","template":"","meta":{"give_campaign_id":0,"footnotes":""},"class_list":["post-11595","page","type-page","status-publish","hentry"],"yoast_head":"<!-- This site is optimized with the Yoast SEO plugin v25.6 - https:\/\/yoast.com\/wordpress\/plugins\/seo\/ -->\n<title>Cost of Care &amp; Adoption Inclusions - Cortez Rescue and Outreach<\/title>\n<meta name=\"robots\" content=\"index, follow, max-snippet:-1, max-image-preview:large, max-video-preview:-1\" \/>\n<link rel=\"canonical\" href=\"https:\/\/cortezrescue.org\/es\/adoption-fees\/\" \/>\n<meta property=\"og:locale\" content=\"es_MX\" \/>\n<meta property=\"og:type\" content=\"article\" \/>\n<meta property=\"og:title\" content=\"Cost of Care &amp; Adoption Inclusions - Cortez Rescue and Outreach\" \/>\n<meta property=\"og:description\" content=\"Cost of Care &#038; What&#8217;s Included in My Adoption &nbsp; Along with daily care costs, the adoption fees help cover vaccination and medical prep costs for the dogs. Cortez Rescue, as needed, will coordinate transportation of your adopted dog, additional fees may apply &#8211; will be discussed and determined at time of adoption based on [&hellip;]\" \/>\n<meta property=\"og:url\" content=\"https:\/\/cortezrescue.org\/es\/adoption-fees\/\" \/>\n<meta property=\"og:site_name\" content=\"Cortez Rescue and Outreach\" \/>\n<meta property=\"article:publisher\" content=\"https:\/\/www.facebook.com\/search\/top\/?q=cortezrescuelosbarrilesbcs\" \/>\n<meta property=\"article:modified_time\" content=\"2024-08-27T23:49:10+00:00\" \/>\n<meta property=\"og:image\" content=\"https:\/\/cortezrescue.wpenginepowered.com\/wp-content\/uploads\/2022\/05\/Cortez-rescue-fee-Graphic-Dogs.jpg\" \/>\n<meta name=\"twitter:card\" content=\"summary_large_image\" \/>\n<script type=\"application\/ld+json\" class=\"yoast-schema-graph\">{\"@context\":\"https:\/\/schema.org\",\"@graph\":[{\"@type\":\"WebPage\",\"@id\":\"https:\/\/cortezrescue.org\/adoption-fees\/\",\"url\":\"https:\/\/cortezrescue.org\/adoption-fees\/\",\"name\":\"Cost of Care & Adoption Inclusions - Cortez Rescue and Outreach\",\"isPartOf\":{\"@id\":\"https:\/\/cortezrescue.org\/#website\"},\"primaryImageOfPage\":{\"@id\":\"https:\/\/cortezrescue.org\/adoption-fees\/#primaryimage\"},\"image\":{\"@id\":\"https:\/\/cortezrescue.org\/adoption-fees\/#primaryimage\"},\"thumbnailUrl\":\"https:\/\/cortezrescue.wpenginepowered.com\/wp-content\/uploads\/2022\/05\/Cortez-rescue-fee-Graphic-Dogs.jpg\",\"datePublished\":\"2020-03-01T00:05:01+00:00\",\"dateModified\":\"2024-08-27T23:49:10+00:00\",\"breadcrumb\":{\"@id\":\"https:\/\/cortezrescue.org\/adoption-fees\/#breadcrumb\"},\"inLanguage\":\"es\",\"potentialAction\":[{\"@type\":\"ReadAction\",\"target\":[\"https:\/\/cortezrescue.org\/adoption-fees\/\"]}]},{\"@type\":\"ImageObject\",\"inLanguage\":\"es\",\"@id\":\"https:\/\/cortezrescue.org\/adoption-fees\/#primaryimage\",\"url\":\"https:\/\/cortezrescue.wpenginepowered.com\/wp-content\/uploads\/2022\/05\/Cortez-rescue-fee-Graphic-Dogs.jpg\",\"contentUrl\":\"https:\/\/cortezrescue.wpenginepowered.com\/wp-content\/uploads\/2022\/05\/Cortez-rescue-fee-Graphic-Dogs.jpg\"},{\"@type\":\"BreadcrumbList\",\"@id\":\"https:\/\/cortezrescue.org\/adoption-fees\/#breadcrumb\",\"itemListElement\":[{\"@type\":\"ListItem\",\"position\":1,\"name\":\"Home\",\"item\":\"https:\/\/cortezrescue.org\/\"},{\"@type\":\"ListItem\",\"position\":2,\"name\":\"Cost of Care &#038; Adoption Inclusions\"}]},{\"@type\":\"WebSite\",\"@id\":\"https:\/\/cortezrescue.org\/#website\",\"url\":\"https:\/\/cortezrescue.org\/\",\"name\":\"Cortez Rescue and Outreach\",\"description\":\"Every Day Enriching The Lives Of Homeless And Neglected Dogs\",\"publisher\":{\"@id\":\"https:\/\/cortezrescue.org\/#organization\"},\"potentialAction\":[{\"@type\":\"SearchAction\",\"target\":{\"@type\":\"EntryPoint\",\"urlTemplate\":\"https:\/\/cortezrescue.org\/?s={search_term_string}\"},\"query-input\":{\"@type\":\"PropertyValueSpecification\",\"valueRequired\":true,\"valueName\":\"search_term_string\"}}],\"inLanguage\":\"es\"},{\"@type\":\"Organization\",\"@id\":\"https:\/\/cortezrescue.org\/#organization\",\"name\":\"Cortez Rescue and Outreach\",\"url\":\"https:\/\/cortezrescue.org\/\",\"logo\":{\"@type\":\"ImageObject\",\"inLanguage\":\"es\",\"@id\":\"https:\/\/cortezrescue.org\/#\/schema\/logo\/image\/\",\"url\":\"https:\/\/cortezrescue.org\/wp-content\/uploads\/2025\/04\/cropped-2025-Cortez-Rescue_Logo_Teal.jpg\",\"contentUrl\":\"https:\/\/cortezrescue.org\/wp-content\/uploads\/2025\/04\/cropped-2025-Cortez-Rescue_Logo_Teal.jpg\",\"width\":512,\"height\":512,\"caption\":\"Cortez Rescue and Outreach\"},\"image\":{\"@id\":\"https:\/\/cortezrescue.org\/#\/schema\/logo\/image\/\"},\"sameAs\":[\"https:\/\/www.facebook.com\/search\/top\/?q=cortezrescuelosbarrilesbcs\",\"https:\/\/www.instagram.com\/cortezrescuebcs?igsh=NTc4MTIwNjQ2YQ&utm_source=qr\",\"https:\/\/www.tiktok.com\/@cortez.rescue.bcs?_t=ZP-8yM6eWA5tNv&_r=1\"]}]}<\/script>\n<!-- \/ Yoast SEO plugin. -->","yoast_head_json":{"title":"Cost of Care & Adoption Inclusions - Cortez Rescue and Outreach","robots":{"index":"index","follow":"follow","max-snippet":"max-snippet:-1","max-image-preview":"max-image-preview:large","max-video-preview":"max-video-preview:-1"},"canonical":"https:\/\/cortezrescue.org\/es\/adoption-fees\/","og_locale":"es_MX","og_type":"article","og_title":"Cost of Care & Adoption Inclusions - Cortez Rescue and Outreach","og_description":"Cost of Care &#038; What&#8217;s Included in My Adoption &nbsp; Along with daily care costs, the adoption fees help cover vaccination and medical prep costs for the dogs. Cortez Rescue, as needed, will coordinate transportation of your adopted dog, additional fees may apply &#8211; will be discussed and determined at time of adoption based on [&hellip;]","og_url":"https:\/\/cortezrescue.org\/es\/adoption-fees\/","og_site_name":"Cortez Rescue and Outreach","article_publisher":"https:\/\/www.facebook.com\/search\/top\/?q=cortezrescuelosbarrilesbcs","article_modified_time":"2024-08-27T23:49:10+00:00","og_image":[{"url":"https:\/\/cortezrescue.wpenginepowered.com\/wp-content\/uploads\/2022\/05\/Cortez-rescue-fee-Graphic-Dogs.jpg","type":"","width":"","height":""}],"twitter_card":"summary_large_image","schema":{"@context":"https:\/\/schema.org","@graph":[{"@type":"WebPage","@id":"https:\/\/cortezrescue.org\/adoption-fees\/","url":"https:\/\/cortezrescue.org\/adoption-fees\/","name":"Cost of Care & Adoption Inclusions - Cortez Rescue and Outreach","isPartOf":{"@id":"https:\/\/cortezrescue.org\/#website"},"primaryImageOfPage":{"@id":"https:\/\/cortezrescue.org\/adoption-fees\/#primaryimage"},"image":{"@id":"https:\/\/cortezrescue.org\/adoption-fees\/#primaryimage"},"thumbnailUrl":"https:\/\/cortezrescue.wpenginepowered.com\/wp-content\/uploads\/2022\/05\/Cortez-rescue-fee-Graphic-Dogs.jpg","datePublished":"2020-03-01T00:05:01+00:00","dateModified":"2024-08-27T23:49:10+00:00","breadcrumb":{"@id":"https:\/\/cortezrescue.org\/adoption-fees\/#breadcrumb"},"inLanguage":"es","potentialAction":[{"@type":"ReadAction","target":["https:\/\/cortezrescue.org\/adoption-fees\/"]}]},{"@type":"ImageObject","inLanguage":"es","@id":"https:\/\/cortezrescue.org\/adoption-fees\/#primaryimage","url":"https:\/\/cortezrescue.wpenginepowered.com\/wp-content\/uploads\/2022\/05\/Cortez-rescue-fee-Graphic-Dogs.jpg","contentUrl":"https:\/\/cortezrescue.wpenginepowered.com\/wp-content\/uploads\/2022\/05\/Cortez-rescue-fee-Graphic-Dogs.jpg"},{"@type":"BreadcrumbList","@id":"https:\/\/cortezrescue.org\/adoption-fees\/#breadcrumb","itemListElement":[{"@type":"ListItem","position":1,"name":"Home","item":"https:\/\/cortezrescue.org\/"},{"@type":"ListItem","position":2,"name":"Cost of Care &#038; Adoption Inclusions"}]},{"@type":"WebSite","@id":"https:\/\/cortezrescue.org\/#website","url":"https:\/\/cortezrescue.org\/","name":"Cortez Rescue and Outreach","description":"Every Day Enriching The Lives Of Homeless And Neglected Dogs","publisher":{"@id":"https:\/\/cortezrescue.org\/#organization"},"potentialAction":[{"@type":"SearchAction","target":{"@type":"EntryPoint","urlTemplate":"https:\/\/cortezrescue.org\/?s={search_term_string}"},"query-input":{"@type":"PropertyValueSpecification","valueRequired":true,"valueName":"search_term_string"}}],"inLanguage":"es"},{"@type":"Organization","@id":"https:\/\/cortezrescue.org\/#organization","name":"Cortez Rescue and Outreach","url":"https:\/\/cortezrescue.org\/","logo":{"@type":"ImageObject","inLanguage":"es","@id":"https:\/\/cortezrescue.org\/#\/schema\/logo\/image\/","url":"https:\/\/cortezrescue.org\/wp-content\/uploads\/2025\/04\/cropped-2025-Cortez-Rescue_Logo_Teal.jpg","contentUrl":"https:\/\/cortezrescue.org\/wp-content\/uploads\/2025\/04\/cropped-2025-Cortez-Rescue_Logo_Teal.jpg","width":512,"height":512,"caption":"Cortez Rescue and Outreach"},"image":{"@id":"https:\/\/cortezrescue.org\/#\/schema\/logo\/image\/"},"sameAs":["https:\/\/www.facebook.com\/search\/top\/?q=cortezrescuelosbarrilesbcs","https:\/\/www.instagram.com\/cortezrescuebcs?igsh=NTc4MTIwNjQ2YQ&utm_source=qr","https:\/\/www.tiktok.com\/@cortez.rescue.bcs?_t=ZP-8yM6eWA5tNv&_r=1"]}]}},"campaignId":"","_links":{"self":[{"href":"https:\/\/cortezrescue.org\/es\/wp-json\/wp\/v2\/pages\/11595","targetHints":{"allow":["GET"]}}],"collection":[{"href":"https:\/\/cortezrescue.org\/es\/wp-json\/wp\/v2\/pages"}],"about":[{"href":"https:\/\/cortezrescue.org\/es\/wp-json\/wp\/v2\/types\/page"}],"author":[{"embeddable":true,"href":"https:\/\/cortezrescue.org\/es\/wp-json\/wp\/v2\/users\/3"}],"replies":[{"embeddable":true,"href":"https:\/\/cortezrescue.org\/es\/wp-json\/wp\/v2\/comments?post=11595"}],"version-history":[{"count":0,"href":"https:\/\/cortezrescue.org\/es\/wp-json\/wp\/v2\/pages\/11595\/revisions"}],"wp:attachment":[{"href":"https:\/\/cortezrescue.org\/es\/wp-json\/wp\/v2\/media?parent=11595"}],"curies":[{"name":"wp","href":"https:\/\/api.w.org\/{rel}","templated":true}]}}