


	
	
  
  
{"id":6047,"date":"2020-02-17T05:25:02","date_gmt":"2020-02-17T13:25:02","guid":{"rendered":"https:\/\/cortezrescue.wpenginepowered.com\/?page_id=6047"},"modified":"2025-06-19T15:30:39","modified_gmt":"2025-06-19T19:30:39","slug":"forever-foster-dogs","status":"publish","type":"page","link":"https:\/\/cortezrescue.org\/es\/forever-foster-dogs\/","title":{"rendered":"Perros adoptivos para siempre"},"content":{"rendered":"<h1>\n\t\tPerros adoptivos para siempre\n\t<\/h1>\n<h2>\n\t\tLoyal Till The End\n\t<\/h2>\n<h5>\n\t\t&nbsp;\n\t<\/h5>\n<h2>\n\t\tCare and Love In Their Last Days\n\t<\/h2>\n<h6>\n\t\tThe dogs on this page are part of the Cortez Rescue and Outreach &#8220;Forever Foster&#8221; program. For a variety of reasons, we won&#8217;t be adopting these dogs out. Typically, these dogs require more vet visits, require more medical care in general or are considered hospice dogs.\n\t<\/h6>\n<h5>\n\t\tSi desea obtener m\u00e1s informaci\u00f3n sobre alguno de los perros de nuestro programa, haga clic en sus perfiles para obtener m\u00e1s informaci\u00f3n y ver c\u00f3mo puede ayudarnos a ayudarlos. Si buscas compartir tu vida con un perro, visita nuestro <a href=\"https:\/\/cortezrescue.org\/es\/available-dogs\/\" title=\"P\u00c1GINA DE PERROS DISPONIBLES\">P\u00c1GINA DE PERROS DISPONIBLES<\/a>.\n\t<\/h5>\n\t\t\t\t<img loading=\"lazy\" decoding=\"async\" src=\"data:image\/gif;base64,R0lGODlhAQABAAAAACH5BAEKAAEALAAAAAABAAEAAAICTAEAOw==\" alt=\"Tyson.23.04.08.5\" itemprop=\"image\" height=\"665\" width=\"681\" title=\"Tyson.23.04.08.5\" onerror=\"this.style.display=&#039;none&#039;\" class=\"lazyload\" data-src=\"https:\/\/cortezrescue.org\/wp-content\/uploads\/2023\/04\/Tyson.23.04.08.5.png\">\n\t<section class=\"buzz-dogs-shortcode content pTB6\"><div class=\"container\"><div id=\"Bzl-dog-stlouis\" class=\"Bzl-dogs-listing row justify-content-center pT2\"><div class=\"col-12\"><h2 class=\"text-center white\"><\/h2><\/div><\/div><div class=\"pagenav\"><div class=\"alignleft\"><\/div><div class=\"alignright\"><\/div><\/div><\/div><\/section>","protected":false},"excerpt":{"rendered":"<p>Forever Foster Dogs Loyal Till The End &nbsp; Care and Love In Their Last Days The dogs on this page are part of the Cortez Rescue and Outreach &#8220;Forever Foster&#8221; program. For a variety of reasons, we won&#8217;t be adopting these dogs out. Typically, these dogs require more vet visits, require more medical care in [&hellip;]<\/p>","protected":false},"author":3,"featured_media":0,"parent":0,"menu_order":0,"comment_status":"closed","ping_status":"closed","template":"","meta":{"give_campaign_id":0,"footnotes":""},"class_list":["post-6047","page","type-page","status-publish","hentry"],"yoast_head":"<!-- This site is optimized with the Yoast SEO plugin v25.6 - https:\/\/yoast.com\/wordpress\/plugins\/seo\/ -->\n<title>Forever Foster Dogs - Cortez Rescue and Outreach<\/title>\n<meta name=\"robots\" content=\"index, follow, max-snippet:-1, max-image-preview:large, max-video-preview:-1\" \/>\n<link rel=\"canonical\" href=\"https:\/\/cortezrescue.org\/es\/forever-foster-dogs\/\" \/>\n<meta property=\"og:locale\" content=\"es_MX\" \/>\n<meta property=\"og:type\" content=\"article\" \/>\n<meta property=\"og:title\" content=\"Forever Foster Dogs - Cortez Rescue and Outreach\" \/>\n<meta property=\"og:description\" content=\"Forever Foster Dogs Loyal Till The End &nbsp; Care and Love In Their Last Days The dogs on this page are part of the Cortez Rescue and Outreach &#8220;Forever Foster&#8221; program. For a variety of reasons, we won&#8217;t be adopting these dogs out. Typically, these dogs require more vet visits, require more medical care in [&hellip;]\" \/>\n<meta property=\"og:url\" content=\"https:\/\/cortezrescue.org\/es\/forever-foster-dogs\/\" \/>\n<meta property=\"og:site_name\" content=\"Cortez Rescue and Outreach\" \/>\n<meta property=\"article:publisher\" content=\"https:\/\/www.facebook.com\/search\/top\/?q=cortezrescuelosbarrilesbcs\" \/>\n<meta property=\"article:modified_time\" content=\"2025-06-19T19:30:39+00:00\" \/>\n<meta property=\"og:image\" content=\"https:\/\/cortezrescue.org\/wp-content\/uploads\/2023\/04\/Tyson.23.04.08.5.png\" \/>\n<meta name=\"twitter:card\" content=\"summary_large_image\" \/>\n<meta name=\"twitter:label1\" content=\"Tiempo de lectura\" \/>\n\t<meta name=\"twitter:data1\" content=\"1 minuto\" \/>\n<script type=\"application\/ld+json\" class=\"yoast-schema-graph\">{\"@context\":\"https:\/\/schema.org\",\"@graph\":[{\"@type\":\"WebPage\",\"@id\":\"https:\/\/cortezrescue.org\/forever-foster-dogs\/\",\"url\":\"https:\/\/cortezrescue.org\/forever-foster-dogs\/\",\"name\":\"Forever Foster Dogs - Cortez Rescue and Outreach\",\"isPartOf\":{\"@id\":\"https:\/\/cortezrescue.org\/#website\"},\"primaryImageOfPage\":{\"@id\":\"https:\/\/cortezrescue.org\/forever-foster-dogs\/#primaryimage\"},\"image\":{\"@id\":\"https:\/\/cortezrescue.org\/forever-foster-dogs\/#primaryimage\"},\"thumbnailUrl\":\"https:\/\/cortezrescue.org\/wp-content\/uploads\/2023\/04\/Tyson.23.04.08.5.png\",\"datePublished\":\"2020-02-17T13:25:02+00:00\",\"dateModified\":\"2025-06-19T19:30:39+00:00\",\"breadcrumb\":{\"@id\":\"https:\/\/cortezrescue.org\/forever-foster-dogs\/#breadcrumb\"},\"inLanguage\":\"es\",\"potentialAction\":[{\"@type\":\"ReadAction\",\"target\":[\"https:\/\/cortezrescue.org\/forever-foster-dogs\/\"]}]},{\"@type\":\"ImageObject\",\"inLanguage\":\"es\",\"@id\":\"https:\/\/cortezrescue.org\/forever-foster-dogs\/#primaryimage\",\"url\":\"https:\/\/cortezrescue.org\/wp-content\/uploads\/2023\/04\/Tyson.23.04.08.5.png\",\"contentUrl\":\"https:\/\/cortezrescue.org\/wp-content\/uploads\/2023\/04\/Tyson.23.04.08.5.png\"},{\"@type\":\"BreadcrumbList\",\"@id\":\"https:\/\/cortezrescue.org\/forever-foster-dogs\/#breadcrumb\",\"itemListElement\":[{\"@type\":\"ListItem\",\"position\":1,\"name\":\"Home\",\"item\":\"https:\/\/cortezrescue.org\/\"},{\"@type\":\"ListItem\",\"position\":2,\"name\":\"Forever Foster Dogs\"}]},{\"@type\":\"WebSite\",\"@id\":\"https:\/\/cortezrescue.org\/#website\",\"url\":\"https:\/\/cortezrescue.org\/\",\"name\":\"Cortez Rescue and Outreach\",\"description\":\"Every Day Enriching The Lives Of Homeless And Neglected Dogs\",\"publisher\":{\"@id\":\"https:\/\/cortezrescue.org\/#organization\"},\"potentialAction\":[{\"@type\":\"SearchAction\",\"target\":{\"@type\":\"EntryPoint\",\"urlTemplate\":\"https:\/\/cortezrescue.org\/?s={search_term_string}\"},\"query-input\":{\"@type\":\"PropertyValueSpecification\",\"valueRequired\":true,\"valueName\":\"search_term_string\"}}],\"inLanguage\":\"es\"},{\"@type\":\"Organization\",\"@id\":\"https:\/\/cortezrescue.org\/#organization\",\"name\":\"Cortez Rescue and Outreach\",\"url\":\"https:\/\/cortezrescue.org\/\",\"logo\":{\"@type\":\"ImageObject\",\"inLanguage\":\"es\",\"@id\":\"https:\/\/cortezrescue.org\/#\/schema\/logo\/image\/\",\"url\":\"https:\/\/cortezrescue.org\/wp-content\/uploads\/2025\/04\/cropped-2025-Cortez-Rescue_Logo_Teal.jpg\",\"contentUrl\":\"https:\/\/cortezrescue.org\/wp-content\/uploads\/2025\/04\/cropped-2025-Cortez-Rescue_Logo_Teal.jpg\",\"width\":512,\"height\":512,\"caption\":\"Cortez Rescue and Outreach\"},\"image\":{\"@id\":\"https:\/\/cortezrescue.org\/#\/schema\/logo\/image\/\"},\"sameAs\":[\"https:\/\/www.facebook.com\/search\/top\/?q=cortezrescuelosbarrilesbcs\",\"https:\/\/www.instagram.com\/cortezrescuebcs?igsh=NTc4MTIwNjQ2YQ&utm_source=qr\",\"https:\/\/www.tiktok.com\/@cortez.rescue.bcs?_t=ZP-8yM6eWA5tNv&_r=1\"]}]}<\/script>\n<!-- \/ Yoast SEO plugin. -->","yoast_head_json":{"title":"Forever Foster Dogs - Cortez Rescue and Outreach","robots":{"index":"index","follow":"follow","max-snippet":"max-snippet:-1","max-image-preview":"max-image-preview:large","max-video-preview":"max-video-preview:-1"},"canonical":"https:\/\/cortezrescue.org\/es\/forever-foster-dogs\/","og_locale":"es_MX","og_type":"article","og_title":"Forever Foster Dogs - Cortez Rescue and Outreach","og_description":"Forever Foster Dogs Loyal Till The End &nbsp; Care and Love In Their Last Days The dogs on this page are part of the Cortez Rescue and Outreach &#8220;Forever Foster&#8221; program. For a variety of reasons, we won&#8217;t be adopting these dogs out. Typically, these dogs require more vet visits, require more medical care in [&hellip;]","og_url":"https:\/\/cortezrescue.org\/es\/forever-foster-dogs\/","og_site_name":"Cortez Rescue and Outreach","article_publisher":"https:\/\/www.facebook.com\/search\/top\/?q=cortezrescuelosbarrilesbcs","article_modified_time":"2025-06-19T19:30:39+00:00","og_image":[{"url":"https:\/\/cortezrescue.org\/wp-content\/uploads\/2023\/04\/Tyson.23.04.08.5.png","type":"","width":"","height":""}],"twitter_card":"summary_large_image","twitter_misc":{"Tiempo de lectura":"1 minuto"},"schema":{"@context":"https:\/\/schema.org","@graph":[{"@type":"WebPage","@id":"https:\/\/cortezrescue.org\/forever-foster-dogs\/","url":"https:\/\/cortezrescue.org\/forever-foster-dogs\/","name":"Forever Foster Dogs - Cortez Rescue and Outreach","isPartOf":{"@id":"https:\/\/cortezrescue.org\/#website"},"primaryImageOfPage":{"@id":"https:\/\/cortezrescue.org\/forever-foster-dogs\/#primaryimage"},"image":{"@id":"https:\/\/cortezrescue.org\/forever-foster-dogs\/#primaryimage"},"thumbnailUrl":"https:\/\/cortezrescue.org\/wp-content\/uploads\/2023\/04\/Tyson.23.04.08.5.png","datePublished":"2020-02-17T13:25:02+00:00","dateModified":"2025-06-19T19:30:39+00:00","breadcrumb":{"@id":"https:\/\/cortezrescue.org\/forever-foster-dogs\/#breadcrumb"},"inLanguage":"es","potentialAction":[{"@type":"ReadAction","target":["https:\/\/cortezrescue.org\/forever-foster-dogs\/"]}]},{"@type":"ImageObject","inLanguage":"es","@id":"https:\/\/cortezrescue.org\/forever-foster-dogs\/#primaryimage","url":"https:\/\/cortezrescue.org\/wp-content\/uploads\/2023\/04\/Tyson.23.04.08.5.png","contentUrl":"https:\/\/cortezrescue.org\/wp-content\/uploads\/2023\/04\/Tyson.23.04.08.5.png"},{"@type":"BreadcrumbList","@id":"https:\/\/cortezrescue.org\/forever-foster-dogs\/#breadcrumb","itemListElement":[{"@type":"ListItem","position":1,"name":"Home","item":"https:\/\/cortezrescue.org\/"},{"@type":"ListItem","position":2,"name":"Forever Foster Dogs"}]},{"@type":"WebSite","@id":"https:\/\/cortezrescue.org\/#website","url":"https:\/\/cortezrescue.org\/","name":"Cortez Rescue and Outreach","description":"Every Day Enriching The Lives Of Homeless And Neglected Dogs","publisher":{"@id":"https:\/\/cortezrescue.org\/#organization"},"potentialAction":[{"@type":"SearchAction","target":{"@type":"EntryPoint","urlTemplate":"https:\/\/cortezrescue.org\/?s={search_term_string}"},"query-input":{"@type":"PropertyValueSpecification","valueRequired":true,"valueName":"search_term_string"}}],"inLanguage":"es"},{"@type":"Organization","@id":"https:\/\/cortezrescue.org\/#organization","name":"Cortez Rescue and Outreach","url":"https:\/\/cortezrescue.org\/","logo":{"@type":"ImageObject","inLanguage":"es","@id":"https:\/\/cortezrescue.org\/#\/schema\/logo\/image\/","url":"https:\/\/cortezrescue.org\/wp-content\/uploads\/2025\/04\/cropped-2025-Cortez-Rescue_Logo_Teal.jpg","contentUrl":"https:\/\/cortezrescue.org\/wp-content\/uploads\/2025\/04\/cropped-2025-Cortez-Rescue_Logo_Teal.jpg","width":512,"height":512,"caption":"Cortez Rescue and Outreach"},"image":{"@id":"https:\/\/cortezrescue.org\/#\/schema\/logo\/image\/"},"sameAs":["https:\/\/www.facebook.com\/search\/top\/?q=cortezrescuelosbarrilesbcs","https:\/\/www.instagram.com\/cortezrescuebcs?igsh=NTc4MTIwNjQ2YQ&utm_source=qr","https:\/\/www.tiktok.com\/@cortez.rescue.bcs?_t=ZP-8yM6eWA5tNv&_r=1"]}]}},"campaignId":"","_links":{"self":[{"href":"https:\/\/cortezrescue.org\/es\/wp-json\/wp\/v2\/pages\/6047","targetHints":{"allow":["GET"]}}],"collection":[{"href":"https:\/\/cortezrescue.org\/es\/wp-json\/wp\/v2\/pages"}],"about":[{"href":"https:\/\/cortezrescue.org\/es\/wp-json\/wp\/v2\/types\/page"}],"author":[{"embeddable":true,"href":"https:\/\/cortezrescue.org\/es\/wp-json\/wp\/v2\/users\/3"}],"replies":[{"embeddable":true,"href":"https:\/\/cortezrescue.org\/es\/wp-json\/wp\/v2\/comments?post=6047"}],"version-history":[{"count":0,"href":"https:\/\/cortezrescue.org\/es\/wp-json\/wp\/v2\/pages\/6047\/revisions"}],"wp:attachment":[{"href":"https:\/\/cortezrescue.org\/es\/wp-json\/wp\/v2\/media?parent=6047"}],"curies":[{"name":"wp","href":"https:\/\/api.w.org\/{rel}","templated":true}]}}